{"id":35255,"date":"2020-10-05T15:04:01","date_gmt":"2020-10-05T13:04:01","guid":{"rendered":"https:\/\/www.house-french-riviera.com\/contact-house-french-riviera\/"},"modified":"2020-10-05T15:34:24","modified_gmt":"2020-10-05T13:34:24","slug":"contact-house-french-riviera","status":"publish","type":"page","link":"https:\/\/www.house-french-riviera.com\/en\/contact-house-french-riviera\/","title":{"rendered":"Contact House French Riviera"},"content":{"rendered":"<p>[et_pb_section fb_built=&#8221;1&#8243; _builder_version=&#8221;4.6.5&#8243; _module_preset=&#8221;default&#8221; use_background_color_gradient=&#8221;on&#8221; background_color_gradient_start=&#8221;#ffffff&#8221; background_color_gradient_end=&#8221;rgba(41,196,169,0)&#8221; background_color_gradient_type=&#8221;radial&#8221; background_color_gradient_direction_radial=&#8221;top left&#8221; background_color_gradient_overlays_image=&#8221;on&#8221; background_image=&#8221;https:\/\/www.house-french-riviera.com\/wp-content\/uploads\/2020\/09\/bg-header-interieur.jpg&#8221; hover_enabled=&#8221;0&#8243; height_last_edited=&#8221;on|tablet&#8221; height_phone=&#8221;40vh&#8221; sticky_enabled=&#8221;0&#8243; height_tablet=&#8221;50vh&#8221;][et_pb_row _builder_version=&#8221;4.6.3&#8243; _module_preset=&#8221;default&#8221;][et_pb_column type=&#8221;4_4&#8243; _builder_version=&#8221;4.6.3&#8243; _module_preset=&#8221;default&#8221;][et_pb_text admin_label=&#8221;Contact House French Riviera&#8221; _builder_version=&#8221;4.6.5&#8243; _module_preset=&#8221;default&#8221; header_font=&#8221;Raleway|800|||||||&#8221; header_font_size=&#8221;60px&#8221; header_2_font=&#8221;Raleway|500||on|||||&#8221; header_2_letter_spacing=&#8221;3px&#8221; custom_padding=&#8221;120px||120px||true|false&#8221; hover_enabled=&#8221;0&#8243; header_font_size_tablet=&#8221;50px&#8221; header_font_size_phone=&#8221;30px&#8221; header_font_size_last_edited=&#8221;on|tablet&#8221; header_2_font_size_tablet=&#8221;22px&#8221; header_2_font_size_phone=&#8221;15px&#8221; header_2_font_size_last_edited=&#8221;on|phone&#8221; custom_padding_last_edited=&#8221;on|phone&#8221; sticky_enabled=&#8221;0&#8243; custom_padding_tablet=&#8221;60px||60px||true|false&#8221; custom_padding_phone=&#8221;20px||20px||true|false&#8221;]<\/p>\n<h2>Contact<\/h2>\n<h1>The Mas de Guerrevieille<\/h1>\n<p>[\/et_pb_text][\/et_pb_column][\/et_pb_row][\/et_pb_section][et_pb_section fb_built=&#8221;1&#8243; _builder_version=&#8221;4.6.4&#8243; _module_preset=&#8221;default&#8221;][et_pb_row _builder_version=&#8221;4.6.4&#8243; _module_preset=&#8221;default&#8221;][et_pb_column type=&#8221;4_4&#8243; _builder_version=&#8221;4.6.4&#8243; _module_preset=&#8221;default&#8221;][et_pb_text admin_label=&#8221;Description&#8221; _builder_version=&#8221;4.6.4&#8243; _module_preset=&#8221;default&#8221; header_font=&#8221;|800|||||||&#8221; header_text_align=&#8221;center&#8221; header_text_color=&#8221;#000000&#8243; header_font_size=&#8221;45px&#8221; header_line_height=&#8221;1.2em&#8221; header_2_font=&#8221;|600||on|||||&#8221; header_2_text_align=&#8221;center&#8221; header_2_text_color=&#8221;#00578f&#8221; header_2_font_size=&#8221;24px&#8221; header_2_letter_spacing=&#8221;4px&#8221; header_2_line_height=&#8221;1.5em&#8221; custom_margin=&#8221;||10px||false|false&#8221; header_font_size_tablet=&#8221;35px&#8221; header_font_size_phone=&#8221;&#8221; header_font_size_last_edited=&#8221;on|tablet&#8221; header_line_height_last_edited=&#8221;off|desktop&#8221; header_2_font_size_tablet=&#8221;22px&#8221; header_2_font_size_phone=&#8221;&#8221; header_2_font_size_last_edited=&#8221;on|tablet&#8221;]<\/p>\n<h2>Location<\/h2>\n<h1>House French Riviera<\/h1>\n<p>[\/et_pb_text][et_pb_divider color=&#8221;#00578f&#8221; divider_weight=&#8221;10px&#8221; divider_weight_tablet=&#8221;&#8221; divider_weight_phone=&#8221;7px&#8221; divider_weight_last_edited=&#8221;on|phone&#8221; _builder_version=&#8221;4.6.4&#8243; _module_preset=&#8221;default&#8221; width=&#8221;12%&#8221; module_alignment=&#8221;center&#8221;][\/et_pb_divider][\/et_pb_column][\/et_pb_row][et_pb_row _builder_version=&#8221;4.6.4&#8243; _module_preset=&#8221;default&#8221;][et_pb_column type=&#8221;4_4&#8243; _builder_version=&#8221;4.6.4&#8243; _module_preset=&#8221;default&#8221;][et_pb_text admin_label=&#8221;Formulaire de contact&#8221; _builder_version=&#8221;4.6.4&#8243; _module_preset=&#8221;default&#8221;]<div class=\"forminator-ui forminator-custom-form forminator-custom-form-35265 forminator-design--material  forminator_ajax\" data-forminator-render=\"0\" data-form=\"forminator-module-35265\" data-uid=\"69debae53f36b\"><br\/><\/div><form\r\n\t\t\t\tid=\"forminator-module-35265\"\r\n\t\t\t\tclass=\"forminator-ui forminator-custom-form forminator-custom-form-35265 forminator-design--material  forminator_ajax\"\r\n\t\t\t\tmethod=\"post\"\r\n\t\t\t\tdata-forminator-render=\"0\"\r\n\t\t\t\tdata-form-id=\"35265\"\r\n\t\t\t\t data-color-option=\"default\" data-design=\"material\" data-grid=\"open\" style=\"display: none;\"\r\n\t\t\t\tdata-uid=\"69debae53f36b\"\r\n\t\t\t><div role=\"alert\" aria-live=\"polite\" class=\"forminator-response-message forminator-error\" aria-hidden=\"true\"><\/div><div class=\"forminator-row\"><div id=\"select-1\" class=\"forminator-field-select forminator-col forminator-col-6 \"><div class=\"forminator-field\"><label for=\"forminator-form-35265__field--select-1_69debae53f36b\" id=\"forminator-form-35265__field--select-1_69debae53f36b-label\" class=\"forminator-label\">Title<\/label><select  id=\"forminator-form-35265__field--select-1_69debae53f36b\" class=\"forminator-select--field forminator-select2 forminator-select2-multiple\" data-required=\"\" name=\"select-1\" data-default-value=\"\" data-placeholder=\"\" data-search=\"false\" data-search-placeholder=\"\" data-checkbox=\"false\" data-allow-clear=\"false\" aria-labelledby=\"forminator-form-35265__field--select-1_69debae53f36b-label\"><option value=\"Mister\"  data-calculation=\"0\">Mr<\/option><option value=\"Miss\"  data-calculation=\"0\">Ms<\/option><option value=\"Madam\"  data-calculation=\"0\">Mrs<\/option><\/select><\/div><\/div><div id=\"name-1\" class=\"forminator-field-name forminator-col forminator-col-6 \"><div class=\"forminator-field\"><label for=\"forminator-field-name-1_69debae53f36b\" id=\"forminator-field-name-1_69debae53f36b-label\" class=\"forminator-label\">Your Name and Surname (s) <span class=\"forminator-required\">*<\/span><\/label><input type=\"text\" name=\"name-1\" value=\"\" placeholder=\"\" id=\"forminator-field-name-1_69debae53f36b\" class=\"forminator-input forminator-name--field\" aria-required=\"true\" autocomplete=\"name\" \/><\/div><\/div><\/div><div class=\"forminator-row\"><div id=\"email-1\" class=\"forminator-field-email forminator-col forminator-col-6 \"><div class=\"forminator-field\"><label for=\"forminator-field-email-1_69debae53f36b\" id=\"forminator-field-email-1_69debae53f36b-label\" class=\"forminator-label\">Your email address <span class=\"forminator-required\">*<\/span><\/label><input type=\"email\" name=\"email-1\" value=\"\" placeholder=\"\" id=\"forminator-field-email-1_69debae53f36b\" class=\"forminator-input forminator-email--field\" data-required=\"1\" aria-required=\"true\" autocomplete=\"email\" \/><\/div><\/div><div id=\"phone-1\" class=\"forminator-field-phone forminator-col forminator-col-6 \"><div class=\"forminator-field\"><label for=\"forminator-field-phone-1_69debae53f36b\" id=\"forminator-field-phone-1_69debae53f36b-label\" class=\"forminator-label\">Num\u00e9ro de t\u00e9l\u00e9phone<\/label><input type=\"text\" name=\"phone-1\" value=\"\" placeholder=\"E.x. +1 3004005000\" id=\"forminator-field-phone-1_69debae53f36b\" class=\"forminator-input forminator-field--phone\" data-required=\"\" aria-required=\"false\" autocomplete=\"off\" data-validation=\"true\" \/><\/div><\/div><\/div><div class=\"forminator-row\"><div id=\"select-2\" class=\"forminator-field-select forminator-col forminator-col-12 \"><div class=\"forminator-field\"><label for=\"forminator-form-35265__field--select-2_69debae53f36b\" id=\"forminator-form-35265__field--select-2_69debae53f36b-label\" class=\"forminator-label\">You want<\/label><select  id=\"forminator-form-35265__field--select-2_69debae53f36b\" class=\"forminator-select--field forminator-select2 forminator-select2-multiple\" data-required=\"\" name=\"select-2\" data-default-value=\"\" data-placeholder=\"\" data-search=\"false\" data-search-placeholder=\"\" data-checkbox=\"false\" data-allow-clear=\"false\" aria-labelledby=\"forminator-form-35265__field--select-2_69debae53f36b-label\"><option value=\"Ask for information\"  data-calculation=\"0\">Ask for information<\/option><option value=\"to-make-a-reservation\"  data-calculation=\"0\">To make a reservation<\/option><\/select><\/div><\/div><\/div><div class=\"forminator-row\"><div id=\"text-1\" class=\"forminator-field-textarea forminator-col forminator-col-12 \"><div class=\"forminator-field\"><label for=\"forminator-field-text-1_69debae53f36b\" id=\"forminator-field-text-1_69debae53f36b-label\" class=\"forminator-label\">Message<\/label><textarea name=\"text-1\" placeholder=\"Enter your message ...\" id=\"forminator-field-text-1_69debae53f36b\" class=\"forminator-textarea\" rows=\"6\" style=\"min-height:140px;\" maxlength=\"180\" ><\/textarea><span id=\"forminator-field-text-1_69debae53f36b-description\" class=\"forminator-description\"><span data-limit=\"180\" data-type=\"characters\" data-editor=\"\">0 \/ 180<\/span><\/span><\/div><\/div><\/div><div class=\"forminator-row\"><div id=\"gdprcheckbox-1\" class=\"forminator-field-gdprcheckbox forminator-col forminator-col-12 \"><div class=\"forminator-field\"><label for=\"forminator-field-gdprcheckbox-1_69debae53f36b\" id=\"forminator-field-gdprcheckbox-1_69debae53f36b-label\" class=\"forminator-label\">GDPR <span class=\"forminator-required\">*<\/span><\/label><label for=\"forminator-field-gdprcheckbox-1_69debae53f36b\" class=\"forminator-checkbox\"><input type=\"checkbox\" name=\"gdprcheckbox-1\" value=\"true\" id=\"forminator-field-gdprcheckbox-1_69debae53f36b\" data-required=\"true\" aria-required=\"true\" \/><span class=\"forminator-checkbox-box\" aria-hidden=\"true\"><\/span><span class=\"forminator-checkbox-label\">Yes, I agree to the the privacy policy . I am informed that my data will only be used by www.house-french-riviera.com and will under no circumstances be passed on to third parties. And I authorize the owner of the site www.house-french-riviera.com to contact me to answer my request. Mandatory fields (*) are necessary to process your request. To know and exercise your rights, in particular to withdraw your consent or modify the data entered in the form, we invite you to consult our privacy policy privacy policy or contact us at: vincent@labelle.eu.com<\/span><\/label><\/div><\/div><\/div><div class=\"forminator-row\"><div id=\"captcha-1\" class=\"forminator-field-captcha forminator-col forminator-col-12  recaptcha-visible\"><div class=\"forminator-captcha-left forminator-g-recaptcha\" data-theme=\"light\"  data-sitekey=\"6LcIi2wUAAAAAO7m9XNBVEusBpjFFgd4bOTkDTsJ\" data-size=\"normal\"><\/div> <\/div><\/div><input type=\"hidden\" name=\"referer_url\" value=\"\" \/><div class=\"forminator-row forminator-row-last\"><div class=\"forminator-col\"><div class=\"forminator-field\"><button class=\"forminator-button forminator-button-submit\"><span>ENVOYER<\/span><span aria-hidden=\"true\"><\/span><\/button><\/div><\/div><\/div><input type=\"hidden\" id=\"forminator_nonce\" name=\"forminator_nonce\" value=\"d1689b9d49\" \/><input type=\"hidden\" name=\"_wp_http_referer\" value=\"\/en\/wp-json\/wp\/v2\/pages\/35255\" \/><input type=\"hidden\" name=\"form_id\" value=\"35265\"><input type=\"hidden\" name=\"page_id\" value=\"35255\"><input type=\"hidden\" name=\"form_type\" value=\"\"><input type=\"hidden\" name=\"current_url\" value=\"https:\/\/www.house-french-riviera.com\/en\/contact-house-french-riviera\/\"><input type=\"hidden\" name=\"render_id\" value=\"0\"><input type=\"hidden\" name=\"action\" value=\"forminator_submit_form_custom-forms\"><\/form>[\/et_pb_text][\/et_pb_column][\/et_pb_row][\/et_pb_section]<\/p>\n","protected":false},"excerpt":{"rendered":"<p>Contact The Mas de GuerrevieilleLocation House French Riviera<div class=\"forminator-ui forminator-custom-form forminator-custom-form-35265 forminator-design--material  forminator_ajax\" data-forminator-render=\"1\" data-form=\"forminator-module-35265\" data-uid=\"69debae55d282\"><br\/><\/div><form\r\n\t\t\t\tid=\"forminator-module-35265\"\r\n\t\t\t\tclass=\"forminator-ui forminator-custom-form forminator-custom-form-35265 forminator-design--material  forminator_ajax\"\r\n\t\t\t\tmethod=\"post\"\r\n\t\t\t\tdata-forminator-render=\"1\"\r\n\t\t\t\tdata-form-id=\"35265\"\r\n\t\t\t\t data-color-option=\"default\" data-design=\"material\" data-grid=\"open\" style=\"display: none;\"\r\n\t\t\t\tdata-uid=\"69debae55d282\"\r\n\t\t\t><div role=\"alert\" aria-live=\"polite\" class=\"forminator-response-message forminator-error\" aria-hidden=\"true\"><\/div><div class=\"forminator-row\"><div id=\"select-1\" class=\"forminator-field-select forminator-col forminator-col-6 \"><div class=\"forminator-field\"><label for=\"forminator-form-35265__field--select-1_69debae55d282\" id=\"forminator-form-35265__field--select-1_69debae55d282-label\" class=\"forminator-label\">Title<\/label><select  id=\"forminator-form-35265__field--select-1_69debae55d282\" class=\"forminator-select--field forminator-select2 forminator-select2-multiple\" data-required=\"\" name=\"select-1\" data-default-value=\"\" data-placeholder=\"\" data-search=\"false\" data-search-placeholder=\"\" data-checkbox=\"false\" data-allow-clear=\"false\" aria-labelledby=\"forminator-form-35265__field--select-1_69debae55d282-label\"><option value=\"Mister\"  data-calculation=\"0\">Mr<\/option><option value=\"Miss\"  data-calculation=\"0\">Ms<\/option><option value=\"Madam\"  data-calculation=\"0\">Mrs<\/option><\/select><\/div><\/div><div id=\"name-1\" class=\"forminator-field-name forminator-col forminator-col-6 \"><div class=\"forminator-field\"><label for=\"forminator-field-name-1_69debae55d282\" id=\"forminator-field-name-1_69debae55d282-label\" class=\"forminator-label\">Your Name and Surname (s) <span class=\"forminator-required\">*<\/span><\/label><input type=\"text\" name=\"name-1\" value=\"\" placeholder=\"\" id=\"forminator-field-name-1_69debae55d282\" class=\"forminator-input forminator-name--field\" aria-required=\"true\" autocomplete=\"name\" \/><\/div><\/div><\/div><div class=\"forminator-row\"><div id=\"email-1\" class=\"forminator-field-email forminator-col forminator-col-6 \"><div class=\"forminator-field\"><label for=\"forminator-field-email-1_69debae55d282\" id=\"forminator-field-email-1_69debae55d282-label\" class=\"forminator-label\">Your email address <span class=\"forminator-required\">*<\/span><\/label><input type=\"email\" name=\"email-1\" value=\"\" placeholder=\"\" id=\"forminator-field-email-1_69debae55d282\" class=\"forminator-input forminator-email--field\" data-required=\"1\" aria-required=\"true\" autocomplete=\"email\" \/><\/div><\/div><div id=\"phone-1\" class=\"forminator-field-phone forminator-col forminator-col-6 \"><div class=\"forminator-field\"><label for=\"forminator-field-phone-1_69debae55d282\" id=\"forminator-field-phone-1_69debae55d282-label\" class=\"forminator-label\">Num\u00e9ro de t\u00e9l\u00e9phone<\/label><input type=\"text\" name=\"phone-1\" value=\"\" placeholder=\"E.x. +1 3004005000\" id=\"forminator-field-phone-1_69debae55d282\" class=\"forminator-input forminator-field--phone\" data-required=\"\" aria-required=\"false\" autocomplete=\"off\" data-validation=\"true\" \/><\/div><\/div><\/div><div class=\"forminator-row\"><div id=\"select-2\" class=\"forminator-field-select forminator-col forminator-col-12 \"><div class=\"forminator-field\"><label for=\"forminator-form-35265__field--select-2_69debae55d282\" id=\"forminator-form-35265__field--select-2_69debae55d282-label\" class=\"forminator-label\">You want<\/label><select  id=\"forminator-form-35265__field--select-2_69debae55d282\" class=\"forminator-select--field forminator-select2 forminator-select2-multiple\" data-required=\"\" name=\"select-2\" data-default-value=\"\" data-placeholder=\"\" data-search=\"false\" data-search-placeholder=\"\" data-checkbox=\"false\" data-allow-clear=\"false\" aria-labelledby=\"forminator-form-35265__field--select-2_69debae55d282-label\"><option value=\"Ask for information\"  data-calculation=\"0\">Ask for information<\/option><option value=\"to-make-a-reservation\"  data-calculation=\"0\">To make a reservation<\/option><\/select><\/div><\/div><\/div><div class=\"forminator-row\"><div id=\"text-1\" class=\"forminator-field-textarea forminator-col forminator-col-12 \"><div class=\"forminator-field\"><label for=\"forminator-field-text-1_69debae55d282\" id=\"forminator-field-text-1_69debae55d282-label\" class=\"forminator-label\">Message<\/label><textarea name=\"text-1\" placeholder=\"Enter your message ...\" id=\"forminator-field-text-1_69debae55d282\" class=\"forminator-textarea\" rows=\"6\" style=\"min-height:140px;\" maxlength=\"180\" ><\/textarea><span id=\"forminator-field-text-1_69debae55d282-description\" class=\"forminator-description\"><span data-limit=\"180\" data-type=\"characters\" data-editor=\"\">0 \/ 180<\/span><\/span><\/div><\/div><\/div><div class=\"forminator-row\"><div id=\"gdprcheckbox-1\" class=\"forminator-field-gdprcheckbox forminator-col forminator-col-12 \"><div class=\"forminator-field\"><label for=\"forminator-field-gdprcheckbox-1_69debae55d282\" id=\"forminator-field-gdprcheckbox-1_69debae55d282-label\" class=\"forminator-label\">GDPR <span class=\"forminator-required\">*<\/span><\/label><label for=\"forminator-field-gdprcheckbox-1_69debae55d282\" class=\"forminator-checkbox\"><input type=\"checkbox\" name=\"gdprcheckbox-1\" value=\"true\" id=\"forminator-field-gdprcheckbox-1_69debae55d282\" data-required=\"true\" aria-required=\"true\" \/><span class=\"forminator-checkbox-box\" aria-hidden=\"true\"><\/span><span class=\"forminator-checkbox-label\">Yes, I agree to the the privacy policy . I am informed that my data will only be used by www.house-french-riviera.com and will under no circumstances be passed on to third parties. And I authorize the owner of the site www.house-french-riviera.com to contact me to answer my request. Mandatory fields (*) are necessary to process your request. To know and exercise your rights, in particular to withdraw your consent or modify the data entered in the form, we invite you to consult our privacy policy privacy policy or contact us at: vincent@labelle.eu.com<\/span><\/label><\/div><\/div><\/div><div class=\"forminator-row\"><div id=\"captcha-1\" class=\"forminator-field-captcha forminator-col forminator-col-12  recaptcha-visible\"><div class=\"forminator-captcha-left forminator-g-recaptcha\" data-theme=\"light\"  data-sitekey=\"6LcIi2wUAAAAAO7m9XNBVEusBpjFFgd4bOTkDTsJ\" data-size=\"normal\"><\/div> <\/div><\/div><input type=\"hidden\" name=\"referer_url\" value=\"\" \/><div class=\"forminator-row forminator-row-last\"><div class=\"forminator-col\"><div class=\"forminator-field\"><button class=\"forminator-button forminator-button-submit\"><span>ENVOYER<\/span><span aria-hidden=\"true\"><\/span><\/button><\/div><\/div><\/div><input type=\"hidden\" id=\"forminator_nonce\" name=\"forminator_nonce\" value=\"d1689b9d49\" \/><input type=\"hidden\" name=\"_wp_http_referer\" value=\"\/en\/wp-json\/wp\/v2\/pages\/35255\" \/><input type=\"hidden\" name=\"form_id\" value=\"35265\"><input type=\"hidden\" name=\"page_id\" value=\"35255\"><input type=\"hidden\" name=\"form_type\" value=\"\"><input type=\"hidden\" name=\"current_url\" value=\"https:\/\/www.house-french-riviera.com\/en\/contact-house-french-riviera\/\"><input type=\"hidden\" name=\"render_id\" value=\"1\"><input type=\"hidden\" name=\"action\" value=\"forminator_submit_form_custom-forms\"><\/form><\/p>\n","protected":false},"author":4,"featured_media":0,"parent":0,"menu_order":0,"comment_status":"closed","ping_status":"closed","template":"","meta":{"_et_pb_use_builder":"on","_et_pb_old_content":"","_et_gb_content_width":"","footnotes":""},"class_list":["post-35255","page","type-page","status-publish","hentry"],"_links":{"self":[{"href":"https:\/\/www.house-french-riviera.com\/en\/wp-json\/wp\/v2\/pages\/35255","targetHints":{"allow":["GET"]}}],"collection":[{"href":"https:\/\/www.house-french-riviera.com\/en\/wp-json\/wp\/v2\/pages"}],"about":[{"href":"https:\/\/www.house-french-riviera.com\/en\/wp-json\/wp\/v2\/types\/page"}],"author":[{"embeddable":true,"href":"https:\/\/www.house-french-riviera.com\/en\/wp-json\/wp\/v2\/users\/4"}],"replies":[{"embeddable":true,"href":"https:\/\/www.house-french-riviera.com\/en\/wp-json\/wp\/v2\/comments?post=35255"}],"version-history":[{"count":0,"href":"https:\/\/www.house-french-riviera.com\/en\/wp-json\/wp\/v2\/pages\/35255\/revisions"}],"wp:attachment":[{"href":"https:\/\/www.house-french-riviera.com\/en\/wp-json\/wp\/v2\/media?parent=35255"}],"curies":[{"name":"wp","href":"https:\/\/api.w.org\/{rel}","templated":true}]}}