{"id":35932,"date":"2020-10-27T14:39:38","date_gmt":"2020-10-27T13:39:38","guid":{"rendered":"https:\/\/www.house-french-riviera.com\/private-policy\/"},"modified":"2020-10-27T14:39:39","modified_gmt":"2020-10-27T13:39:39","slug":"private-policy","status":"publish","type":"page","link":"https:\/\/www.house-french-riviera.com\/en\/private-policy\/","title":{"rendered":"Private policy"},"content":{"rendered":"<p>[et_pb_section fb_built=&#8221;1&#8243; _builder_version=&#8221;3.22&#8243;][et_pb_row _builder_version=&#8221;3.25&#8243; background_size=&#8221;initial&#8221; background_position=&#8221;top_left&#8221; background_repeat=&#8221;repeat&#8221;][et_pb_column type=&#8221;4_4&#8243; _builder_version=&#8221;3.25&#8243; custom_padding=&#8221;|||&#8221; custom_padding__hover=&#8221;|||&#8221;][et_pb_text _builder_version=&#8221;4.6.6&#8243; background_size=&#8221;initial&#8221; background_position=&#8221;top_left&#8221; background_repeat=&#8221;repeat&#8221; hover_enabled=&#8221;0&#8243; sticky_enabled=&#8221;0&#8243;]<\/p>\n<p><strong>Mise \u00e0 jour :Octobre 2020<\/strong><\/p>\n<h2><span style=\"font-size: 22px; color: #006699;\">1. Qui sommes-nous ?<\/span><\/h2>\n<p>L\u2019adresse de notre site Web est : www.house-french-riviera.com.<\/p>\n<h2><span style=\"font-size: 22px; color: #006699;\">2. Utilisation des donn\u00e9es personnelles collect\u00e9es<\/span><\/h2>\n<h3><strong><span style=\"font-size: 18px;\">2.1. Commentaires<\/span><\/strong><\/h3>\n<p style=\"text-align: justify;\">Quand vous laissez un commentaire sur notre site web, les donn\u00e9es inscrites dans le formulaire de commentaire, mais aussi votre adresse IP et l\u2019agent utilisateur de votre navigateur sont collect\u00e9s pour nous aider \u00e0 la d\u00e9tection des commentaires ind\u00e9sirables.<\/p>\n<p style=\"text-align: justify;\">Une cha\u00eene anonymis\u00e9e cr\u00e9\u00e9e \u00e0 partir de votre adresse de messagerie (\u00e9galement appel\u00e9e hash) peut \u00eatre envoy\u00e9e au service Gravatar pour v\u00e9rifier si vous utilisez ce dernier. Les clauses de confidentialit\u00e9 du service Gravatar sont disponibles ici : https:\/\/automattic.com\/privacy\/. Apr\u00e8s validation de votre commentaire, votre photo de profil sera visible publiquement \u00e0 cot\u00e9 de votre commentaire.<\/p>\n<h3><strong><span style=\"font-size: 18px;\">2.2. M\u00e9dias<\/span><\/strong><\/h3>\n<p style=\"text-align: justify;\">Si vous \u00eates un utilisateur ou une utilisatrice enregistr\u00e9\u00b7e et que vous t\u00e9l\u00e9versez des images sur le site web, nous vous conseillons d\u2019\u00e9viter de t\u00e9l\u00e9verser des images contenant des donn\u00e9es EXIF de coordonn\u00e9es GPS. Les visiteurs de votre site web peuvent t\u00e9l\u00e9charger et extraire des donn\u00e9es de localisation depuis ces images.<\/p>\n<h3><strong><span style=\"font-size: 18px;\">2.3. Formulaires de contact<\/span><\/strong><\/h3>\n<div>\n<p style=\"text-align: justify;\">Les informations recueillies sur les formulaires de ce site sont enregistr\u00e9es dans un fichier informatis\u00e9 par la soci\u00e9t\u00e9 House French Riviera pour communiquer les informations li\u00e9es aux services du site www.house-french-riviera.com. Elles sont conserv\u00e9es pendant 3 ans et sont destin\u00e9es au service marketing et au service commercial de notre soci\u00e9t\u00e9. Ce fichier est accessible uniquement par la soci\u00e9t\u00e9 House French Riviera et les collaborateurs du p\u00f4le marketing de la soci\u00e9t\u00e9 House French Riviera.<\/p>\n<p style=\"text-align: justify;\">Conform\u00e9ment \u00e0 la loi \u00ab informatique et libert\u00e9s \u00bb, vous pouvez exercer votre droit d\u2019acc\u00e8s aux donn\u00e9es vous concernant et les faire rectifier en contactant : vincent@labelle.eu.com .<\/p>\n<p style=\"text-align: justify;\">En cochant la case de consentement obligatoire avant la soumission de chaque formulaire sur notre site web (\u00ab J\u2019autorise www.house-french-riviera.com \u00e0 me contacter pour r\u00e9pondre \u00e0 ma demande. Je suis inform\u00e9 que mes donn\u00e9es ne seront utilis\u00e9es que par www.house-french-riviera.com et ne seront en aucun cas transmis \u00e0 des tiers. \u00bb), vous autorisez explicitement le stockage et le traitement de vos donn\u00e9es dans le but de vous faire conna\u00eetre nos services. Vous autorisez :<\/p>\n<\/div>\n<ul>\n<li>Le propri\u00e9taire du site www.house-french-riviera.com \u00e0 vous contacter pour toute relation commerciale<\/li>\n<li>Le service Marketing \u00e0 vous communiquer des informations personnalis\u00e9es sur nos services<\/li>\n<\/ul>\n<h2><span style=\"font-size: 22px; color: #006699;\">3. Politique de cookies<\/span><\/h2>\n<h3><strong><span style=\"font-size: 18px;\">3.1. Informations sur les cookies<\/span><\/strong><\/h3>\n<p style=\"text-align: justify;\">Ce site utilise des cookies \u2013 de petits fichiers texte qui sont plac\u00e9s sur votre machine pour aider le site \u00e0 fournir une meilleure exp\u00e9rience utilisateur. Les cookies sont utilis\u00e9s pour conserver les pr\u00e9f\u00e9rences de l\u2019utilisateur, stocker des informations pour des choses comme les paniers d\u2019achat et fournir des donn\u00e9es de suivi anonymis\u00e9es \u00e0 des applications tierces comme Google Analytics. En r\u00e8gle g\u00e9n\u00e9rale, les cookies rendront votre exp\u00e9rience de navigation meilleure.<\/p>\n<p style=\"text-align: justify;\">Si vous d\u00e9posez un commentaire sur notre site, il vous sera propos\u00e9 d\u2019enregistrer votre nom, adresse de messagerie et site web dans des cookies. C\u2019est uniquement pour votre confort afin de ne pas avoir \u00e0 saisir ces informations si vous d\u00e9posez un autre commentaire plus tard. Ces cookies expirent au bout d\u2019un an. Si vous avez un compte et que vous vous connectez sur ce site, un cookie temporaire sera cr\u00e9\u00e9 afin de d\u00e9terminer si votre navigateur accepte les cookies. Il ne contient pas de donn\u00e9es personnelles et sera supprim\u00e9 automatiquement \u00e0 la fermeture de votre navigateur.<\/p>\n<p style=\"text-align: justify;\">Lorsque vous vous connecterez, nous mettrons en place un certain nombre de cookies pour enregistrer vos informations de connexion et vos pr\u00e9f\u00e9rences d\u2019\u00e9cran. La dur\u00e9e de vie d\u2019un cookie de connexion est de deux jours, celle d\u2019un cookie d\u2019option d\u2019\u00e9cran est d\u2019un an. Si vous cochez \u00ab Se souvenir de moi \u00bb, votre cookie de connexion sera conserv\u00e9 pendant deux semaines. Si vous vous d\u00e9connectez de votre compte, le cookie de connexion sera effac\u00e9.<\/p>\n<p style=\"text-align: justify;\">En modifiant ou en publiant un article, un cookie suppl\u00e9mentaire sera enregistr\u00e9 dans votre navigateur. Ce cookie ne comprend aucune donn\u00e9e personnelle. Il indique simplement l\u2019identifiant de l\u2019article que vous venez de modifier. Il expire au bout d\u2019un jour.<\/p>\n<p style=\"text-align: justify;\">Toutefois, vous pouvez pr\u00e9f\u00e9rer d\u00e9sactiver les cookies sur ce site et sur d\u2019autres. Le moyen le plus efficace consiste \u00e0 d\u00e9sactiver les cookies dans votre navigateur. Nous vous sugg\u00e9rons de consulter la section 3.3.2 de ce document ou de consulter le site Web \u00c0 propos des cookies (en anglais) qui propose des conseils pour tous les navigateurs modernes.<br \/>Attention, certaines parties de ce site ne peuvent \u00eatre fonctionnelle sans l\u2019acceptation de cookies.<\/p>\n<h3><strong><span style=\"font-size: 18px;\">3.2. Finalit\u00e9 des cookies utilis\u00e9s<\/span><\/strong><\/h3>\n<p style=\"text-align: justify;\">Nous utilisons des cookies de la part des services suivants : Google Analytics, Smartlook, Mautic. Les donn\u00e9es et statistiques que nous collectons au moyen de ces cookies sont utilis\u00e9es dans le seul et unique but d\u2019am\u00e9liorer la qualit\u00e9 de nos services.<br \/><strong>Google Analytics :<\/strong> est utilis\u00e9 de fa\u00e7on anonyme afin d\u2019am\u00e9liorer l\u2019exp\u00e9rience utilisateur sur notre site web et vous offrir une navigation intuitive. Ces donn\u00e9es ne sont pas communiqu\u00e9es \u00e0 quelque tiers que ce soit.<\/p>\n<h3><strong><span style=\"font-size: 18px;\">3.3. Vos choix concernant les cookies<\/span><\/strong><\/h3>\n<p style=\"text-align: justify;\">Vous pouvez faire le choix \u00e0 tout moment d\u2019exprimer et de modifier vos souhaits en mati\u00e8re de cookies, par les moyens d\u00e9crits ci-dessous.<br \/>Vous pouvez configurer votre logiciel de navigation de mani\u00e8re \u00e0 ce que des cookies soient enregistr\u00e9s dans votre terminal ou, au contraire, qu\u2019ils soient rejet\u00e9s, soit syst\u00e9matiquement, soit selon leur \u00e9metteur. Vous pouvez \u00e9galement configurer votre logiciel de navigation de mani\u00e8re \u00e0 ce que l\u2019acceptation ou le refus des cookies vous soient propos\u00e9s ponctuellement, avant qu\u2019un cookie soit susceptible d\u2019\u00eatre enregistr\u00e9 dans votre terminal. Pour plus d\u2019informations, consultez la rubrique \u201cComment exercer vos choix, selon le navigateur que vous utilisez ?\u201d<\/p>\n<h4><strong><span style=\"font-size: 14px;\">3.3.1. Acceptation des cookies<\/span><\/strong><\/h4>\n<p style=\"text-align: justify;\">L\u2019enregistrement d\u2019un cookie dans un terminal est subordonn\u00e9 \u00e0 la volont\u00e9 de son utilisateur, exprim\u00e9e et modifi\u00e9e \u00e0 tout moment gratuitement \u00e0 travers les choix propos\u00e9s par son logiciel de navigation. Si vous avez accept\u00e9 dans votre logiciel de navigation l\u2019enregistrement de cookies dans votre terminal, les cookies int\u00e9gr\u00e9s dans les pages et contenus que vous avez consult\u00e9s pourront \u00eatre stock\u00e9s temporairement dans un espace d\u00e9di\u00e9 de votre terminal. Ils y seront lisibles uniquement par leur \u00e9metteur.<\/p>\n<h4><strong><span style=\"font-size: 14px;\">3.3.2. Refus des cookies<\/span><\/strong><\/h4>\n<p style=\"text-align: justify;\">Si vous refusez l\u2019enregistrement de cookies dans votre terminal, ou si vous supprimez ceux qui y sont enregistr\u00e9s, vous pourrez \u00e9ventuellement ne plus b\u00e9n\u00e9ficier d\u2019un certain nombre de fonctionnalit\u00e9s. Tel serait \u00e9galement le cas lorsque nous -ou nos prestataires- ne pourrions pas reconna\u00eetre, \u00e0 des fins de compatibilit\u00e9 technique, le type de navigateur utilis\u00e9 par votre terminal, ses param\u00e8tres de langue et d\u2019affichage ou le pays depuis lequel votre terminal semble connect\u00e9 \u00e0 Internet. Le cas \u00e9ch\u00e9ant, nous d\u00e9clinons toute responsabilit\u00e9 pour les cons\u00e9quences li\u00e9es au fonctionnement d\u00e9grad\u00e9 de nos services r\u00e9sultant de l\u2019impossibilit\u00e9 d\u2019enregistrer ou de consulter les cookies n\u00e9cessaires \u00e0 leur fonctionnement et que vous auriez refus\u00e9s ou supprim\u00e9s.<\/p>\n<h4><strong><span style=\"font-size: 14px;\">3.3.3. Comment exercer vos choix selon le navigateur que vous utilisez ?<\/span><\/strong><\/h4>\n<p style=\"text-align: justify;\">Pour la gestion des cookies et de vos choix, la configuration de chaque navigateur est diff\u00e9rente. Elle est d\u00e9crite dans le menu d\u2019aide de votre navigateur, qui vous permettra de savoir de quelle mani\u00e8re modifier vos souhaits en mati\u00e8re de cookies.<br \/>Nous vous invitons \u00e0 cliquer sur le nom de votre navigateur pour acc\u00e9der au menu d\u2019aide correspondant :<\/p>\n<ul>\n<li>Pour <a title=\"http:\/\/windows.microsoft.com\/fr-fr\/windows-vista\/block-or-allow-cookies\" href=\"http:\/\/windows.microsoft.com\/fr-fr\/windows-vista\/block-or-allow-cookies\" target=\"_blank\" rel=\"noopener noreferrer\">Internet Explorer&#x2122;<\/a><\/li>\n<li>Pour <a title=\"http:\/\/support.apple.com\/kb\/ht1677?viewlocale=fr_fr\" href=\"http:\/\/support.apple.com\/kb\/ht1677?viewlocale=fr_fr\" target=\"_blank\" rel=\"noopener noreferrer\">Safari&#x2122;<\/a><\/li>\n<li>Pour <a title=\"http:\/\/support.google.com\/chrome\/bin\/answer.py?hl=fr&amp;;hlrm=en&amp;answer=95647\" href=\"http:\/\/support.google.com\/chrome\/bin\/answer.py?hl=fr&amp;;hlrm=en&amp;answer=95647\" target=\"_blank\" rel=\"noopener noreferrer\">Chrome&#x2122;<\/a><\/li>\n<li>Pour <a title=\"https:\/\/support.mozilla.org\/fr\/kb\/activer-desactiver-cookies-preferences\" href=\"https:\/\/support.mozilla.org\/fr\/kb\/activer-desactiver-cookies-preferences\" target=\"_blank\" rel=\"noopener noreferrer\">Firefox&#x2122;<\/a><\/li>\n<li>Pour <a class=\"broken_link\" title=\"http:\/\/help.opera.com\/Windows\/10.20\/fr\/cookies.html\" href=\"http:\/\/help.opera.com\/Windows\/10.20\/fr\/cookies.html\" target=\"_blank\" rel=\"noopener noreferrer\">Opera&#x2122;<\/a><\/li>\n<\/ul>\n<p style=\"text-align: justify;\">Vous pouvez \u00e9galement param\u00e9trer votre navigateur afin que celui-ci envoie un code indiquant aux sites Web que vous ne souhaitez pas \u00eatre suivis. (option \u00ab Do No Track \u00bb).<br \/>Nous vous invitons \u00e0 cliquer sur le nom de votre navigateur pour acc\u00e9der au menu d\u2019aide correspondant :<\/p>\n<ul>\n<li><a title=\"https:\/\/support.microsoft.com\/fr-fr\/help\/17288\/windows-internet-explorer-11-use-do-not-track\" href=\"https:\/\/support.microsoft.com\/fr-fr\/help\/17288\/windows-internet-explorer-11-use-do-not-track\" target=\"_blank\" rel=\"noopener noreferrer\">Internet Explorer&#x2122;<\/a> ;<\/li>\n<li><a title=\"https:\/\/support.apple.com\/kb\/PH21416?locale=fr_FR\" href=\"https:\/\/support.apple.com\/kb\/PH21416?locale=fr_FR\" target=\"_blank\" rel=\"noopener noreferrer\">Safari&#x2122;<\/a> ;<\/li>\n<li><a title=\"https:\/\/support.google.com\/chrome\/answer\/114836?\" href=\"https:\/\/support.google.com\/chrome\/answer\/114836?\" target=\"_blank\" rel=\"noopener noreferrer\">Chrome&#x2122;<\/a> ;<\/li>\n<li><a title=\"https:\/\/support.mozilla.org\/fr\/kb\/comment-activer-option-ne-pas-pister\" href=\"https:\/\/support.mozilla.org\/fr\/kb\/comment-activer-option-ne-pas-pister\" target=\"_blank\" rel=\"noopener noreferrer\">Firefox&#x2122;<\/a> ;<\/li>\n<li><a title=\"http:\/\/help.opera.com\/Windows\/12.10\/en\/notrack.html\" href=\"http:\/\/help.opera.com\/Windows\/12.10\/en\/notrack.html\" target=\"_blank\" rel=\"noopener noreferrer\">Opera&#x2122;<\/a>.<\/li>\n<\/ul>\n<h3><strong><span style=\"font-size: 18px;\">3.4 Plugin: Smush<\/span><\/strong><\/h3>\n<p style=\"text-align: justify;\">Smush envoie des images aux serveurs WPMU DEV pour les optimiser pour une utilisation sur le Web. Cela inclut le transfert des donn\u00e9es EXIF. <span class=\"\">Les donn\u00e9es EXIF seront supprim\u00e9es ou renvoy\u00e9es telles quelles.<\/span> Il n\u2019est pas stock\u00e9 sur les serveurs WPMU DEV.<\/p>\n<h3><strong><span style=\"font-size: 18px;\">3.5 Plugin: Defender Pro<\/span><\/strong><\/h3>\n<p style=\"text-align: justify;\"><strong>Tiers : <\/strong><span id=\"result_box\" class=\"\" lang=\"fr\"><span class=\"\">Ce site peut \u00eatre utilis\u00e9 par un stockage en nuage WPMU tiers pour stocker des sauvegardes de son audit lorsque des informations personnelles sont collect\u00e9es.<\/span><br \/><\/span><strong>Donn\u00e9es suppl\u00e9mentaires : <\/strong><span id=\"result_box\" class=\"\" lang=\"fr\"><span class=\"\">Ce site cr\u00e9e et stocke un journal d\u2019activit\u00e9 qui capture l\u2019adresse IP, le nom d\u2019utilisateur, l\u2019adresse \u00e9lectronique et l\u2019activit\u00e9 de l\u2019utilisateur (par exemple, lorsqu\u2019un utilisateur fait un commentaire).<\/span> <span class=\"\">Les informations seront stock\u00e9es localement pendant 30 jours et \u00e0 distance pendant 1 an.<\/span> <span class=\"\">Les informations sur les journaux distants ne peuvent pas \u00eatre effac\u00e9es pour des raisons de s\u00e9curit\u00e9.<\/span><\/span><\/p>\n<h2><span style=\"font-size: 22px; color: #006699;\">4. Contenu embarqu\u00e9 depuis d\u2019autres sites<\/span><\/h2>\n<p style=\"text-align: justify;\">Les articles de ce site peuvent inclure des contenus int\u00e9gr\u00e9s (par exemple des vid\u00e9os, images, articles\u2026). Le contenu int\u00e9gr\u00e9 depuis d\u2019autres sites se comporte de la m\u00eame mani\u00e8re que si le visiteur se rendait sur cet autre site.<\/p>\n<p style=\"text-align: justify;\">Ces sites web pourraient collecter des donn\u00e9es sur vous, utiliser des cookies, embarquer des outils de suivis tiers, suivre vos interactions avec ces contenus embarqu\u00e9s si vous disposez d\u2019un compte connect\u00e9 sur leur site web.<\/p>\n<h3><strong><span style=\"font-size: 18px;\">4.1 Statistiques et mesures d\u2019audience : Google Analytics<\/span><\/strong><\/h3>\n<p style=\"text-align: justify;\">Ce site web utilise Google Analytics, un service d\u2019analyse web fourni par Google, Inc. (\u00ab\u00a0Google\u00a0\u00bb). Google Analytics utilise des \u00ab\u00a0cookies\u00a0\u00bb, qui sont des fichiers texte plac\u00e9s sur les ordinateurs des visiteurs ayant pour but d\u2019aider les op\u00e9rateurs de sites web \u00e0 analyser comment les visiteurs utilisent leur site. Les informations g\u00e9n\u00e9r\u00e9es par le cookie \u00e0 propos de la mani\u00e8re dont les visiteurs utilisent le site web seront g\u00e9n\u00e9ralement transmises et stock\u00e9es par Google sur des serveurs aux \u00c9tats-Unis.<\/p>\n<p style=\"text-align: justify;\">Sur ce site web, l\u2019anonymisation de l\u2019adresse IP a \u00e9t\u00e9 activ\u00e9e. L\u2019adresse IP des utilisateurs de Google des membres des \u00e9tats de l\u2019union europ\u00e9enne, ou de tout autre pays ayant contract\u00e9 l\u2019accord sur l\u2019Espace \u00e9conomique europ\u00e9en sera raccourcie. L\u2019adresse IP compl\u00e8te sera transf\u00e9r\u00e9e uniquement dans des cas exceptionnels sur un serveur de Google aux \u00c9tats-Unis, et sera raccourcie ensuite sur celui-ci. Pour le compte de l\u2019op\u00e9rateur du site web, Google utilisera ces informations dans le but d\u2019\u00e9valuer le site pour ses utilisateurs, pour compiler des rapports sur l\u2019activit\u00e9 du site web, et pour fournir d\u2019autres services relatifs \u00e0 l\u2019activit\u00e9 du site web et de l\u2019utilisation d\u2019Internet pour les op\u00e9rateurs du site web.<\/p>\n<p style=\"text-align: justify;\">Google n\u2019associera pas les adresses IP transf\u00e9r\u00e9es dans le cadre de Google Analytics avec toute autre donn\u00e9e utilis\u00e9e par Google. Vous pouvez refuser l\u2019utilisation de cookies en param\u00e9trant l\u2019option appropri\u00e9e dans votre navigateur web. Veuillez n\u00e9anmoins garder \u00e0 l\u2019esprit qu\u2019en faisant cela, vous pourriez ne pas \u00eatre en mesure d\u2019utiliser toutes les fonctionnalit\u00e9s de ce site web.<\/p>\n<p style=\"text-align: justify;\">De plus, les utilisateurs peuvent emp\u00eacher la r\u00e9colte des donn\u00e9es relatives \u00e0 leurs utilisation du site web (y compris leur adresse IP) g\u00e9n\u00e9r\u00e9es par le cookie et l\u2019utilisation des donn\u00e9es par Google, en t\u00e9l\u00e9chargeant et en installant le plug-in pour le navigateur disponible \u00e0 cette adresse : <strong><a class=\"external_blank\" title=\"https:\/\/tools.google.com\/dlpage\/gaoptout?hl=fr\" href=\"https:\/\/tools.google.com\/dlpage\/gaoptout?hl=fr\" target=\"_blank\" rel=\"noopener noreferrer\">https:\/\/tools.google.com\/dlpage\/gaoptout?hl=fr<\/a><\/strong>.<\/p>\n<h2><span style=\"font-size: 22px; color: #006699;\">5. Utilisation et transmission de vos donn\u00e9es personnelles<\/span><\/h2>\n<h3><strong><span style=\"font-size: 18px;\">5.1. Dur\u00e9es de stockage de vos donn\u00e9es<\/span><\/strong><\/h3>\n<p style=\"text-align: justify;\">Si vous laissez un commentaire, le commentaire et ses m\u00e9tadonn\u00e9es sont conserv\u00e9s ind\u00e9finiment. Cela permet de reconna\u00eetre et approuver automatiquement les commentaires suivants au lieu de les laisser dans la file de mod\u00e9ration.<\/p>\n<p style=\"text-align: justify;\">Pour les utilisateurs et utilisatrices qui s\u2019enregistrent sur notre site (si cela est possible), nous stockons \u00e9galement les donn\u00e9es personnelles indiqu\u00e9es dans leur profil. Tous les utilisateurs et utilisatrices peuvent voir, modifier ou supprimer leurs informations personnelles \u00e0 tout moment (\u00e0 l\u2019exception de leur nom d\u2019utilisateur\u00b7ice). Les gestionnaires du site peuvent aussi voir et modifier ces informations.<\/p>\n<h3><strong><span style=\"font-size: 18px;\">5.2. Les droits que vous avez sur vos donn\u00e9es<\/span><\/strong><\/h3>\n<p style=\"text-align: justify;\">Si vous avez un compte ou si vous avez laiss\u00e9 des commentaires sur le site, vous pouvez demander \u00e0 recevoir un fichier contenant toutes les donn\u00e9es personnelles que nous poss\u00e9dons \u00e0 votre sujet, incluant celles que vous nous avez fournies. Vous pouvez \u00e9galement demander la suppression des donn\u00e9es personnelles vous concernant. Cela ne prend pas en compte les donn\u00e9es stock\u00e9es \u00e0 des fins administratives, l\u00e9gales ou pour des raisons de s\u00e9curit\u00e9.<\/p>\n<h3><strong><span style=\"font-size: 18px;\">5.3. Droit d\u2019acc\u00e8s \u00e0 vos donn\u00e9es personnelles<\/span><\/strong><\/h3>\n<p style=\"text-align: justify;\">Vous disposez d\u2019un droit d\u2019acc\u00e8s, de modification et\/ou de suppression des donn\u00e9es vous concernant \u00e0 tout moment en contactant la responsable :<\/p>\n<ul style=\"text-align: justify;\">\n<li>Par voie postale : Mme Hanitra Andriantsitohaina \u2013 Lot IIA 17 Amboditsiry Antananarivo 101, MADAGASCAR accompagn\u00e9 d\u2019une copie d\u2019une pi\u00e8ce d\u2019identit\u00e9. Id\u00e9alement, en recommand\u00e9 avec accus\u00e9 de r\u00e9ception.<\/li>\n<li>Sur place dans nos locaux : avec pr\u00e9sentation d\u2019une pi\u00e8ce d\u2019identit\u00e9. La CNIL pr\u00e9cise : \u00ab Il est possible de se faire accompagner par la personne de son choix. La consultation doit durer suffisamment longtemps pour prendre note commod\u00e9ment et compl\u00e8tement. Il est possible de demander une copie des donn\u00e9es \u00bb.<\/li>\n<\/ul>\n<p style=\"text-align: justify;\">Le responsable du fichier dispose d\u2019un d\u00e9lai de r\u00e9ponse maximal de 2 mois \u00e0 compter de la demande, qu\u2019elle ait \u00e9t\u00e9 exerc\u00e9e par voie postale ou sur place. La CNIL pr\u00e9cise : \u00ab Si la demande est incompl\u00e8te (absence de la pi\u00e8ce d\u2019identit\u00e9 par exemple), le responsable du fichier est en droit de demander des compl\u00e9ments : le d\u00e9lai est alors suspendu et courre \u00e0 nouveau une fois ces \u00e9l\u00e9ments fournis \u00bb.<\/p>\n<p>Les limites au droit d\u2019acc\u00e8s sont pr\u00e9cis\u00e9es sur le site de la CNIL et <a title=\"https:\/\/www.cnil.fr\/fr\/respecter-les-droits-des-personnes\" href=\"https:\/\/www.cnil.fr\/fr\/respecter-les-droits-des-personnes\" target=\"_blank\" rel=\"noopener noreferrer\">consultables en cliquant ici<\/a>.<\/p>\n<h3><strong><span style=\"font-size: 18px;\">5.4. Modification de vos abonnements<\/span><\/strong><\/h3>\n<p style=\"text-align: justify;\">Vous pouvez aussi modifier librement vos abonnements \u00e0 nos communications en cliquant sur \u00ab Modifier mes pr\u00e9f\u00e9rences \u00bb en bas de chacune de nos communications envoy\u00e9es par e-mail.<\/p>\n<p style=\"text-align: justify;\">Pour vous d\u00e9sabonner de toutes les communications de www.house-french-riviera.com, vous devez cliquer sur le lien de d\u00e9sabonnement qui se situe en bas de nos e-mails. Vous pourrez ensuite choisir :<br \/>\u2013 de modifier vos pr\u00e9f\u00e9rences de r\u00e9ception de nos communications<br \/>\u2013 de vous d\u00e9sabonner de toutes les communications marketing et commerciales jusqu\u2019\u00e0 nouvelle soumission de votre consentement sur le site internet.<\/p>\n<p>[\/et_pb_text][\/et_pb_column][\/et_pb_row][\/et_pb_section]<\/p>\n","protected":false},"excerpt":{"rendered":"<p>Mise \u00e0 jour :Octobre 2020 1. Qui sommes-nous ? L\u2019adresse de notre site Web est : www.house-french-riviera.com. 2. Utilisation des donn\u00e9es personnelles collect\u00e9es 2.1. Commentaires Quand vous laissez un commentaire sur notre site web, les donn\u00e9es inscrites dans le formulaire de commentaire, mais aussi votre adresse IP et l\u2019agent utilisateur de votre navigateur sont collect\u00e9s [&hellip;]<\/p>\n","protected":false},"author":4,"featured_media":0,"parent":0,"menu_order":0,"comment_status":"closed","ping_status":"closed","template":"","meta":{"_et_pb_use_builder":"on","_et_pb_old_content":"","_et_gb_content_width":"","footnotes":""},"class_list":["post-35932","page","type-page","status-publish","hentry"],"_links":{"self":[{"href":"https:\/\/www.house-french-riviera.com\/en\/wp-json\/wp\/v2\/pages\/35932","targetHints":{"allow":["GET"]}}],"collection":[{"href":"https:\/\/www.house-french-riviera.com\/en\/wp-json\/wp\/v2\/pages"}],"about":[{"href":"https:\/\/www.house-french-riviera.com\/en\/wp-json\/wp\/v2\/types\/page"}],"author":[{"embeddable":true,"href":"https:\/\/www.house-french-riviera.com\/en\/wp-json\/wp\/v2\/users\/4"}],"replies":[{"embeddable":true,"href":"https:\/\/www.house-french-riviera.com\/en\/wp-json\/wp\/v2\/comments?post=35932"}],"version-history":[{"count":0,"href":"https:\/\/www.house-french-riviera.com\/en\/wp-json\/wp\/v2\/pages\/35932\/revisions"}],"wp:attachment":[{"href":"https:\/\/www.house-french-riviera.com\/en\/wp-json\/wp\/v2\/media?parent=35932"}],"curies":[{"name":"wp","href":"https:\/\/api.w.org\/{rel}","templated":true}]}}